{"id":15462,"date":"2018-10-15T12:33:33","date_gmt":"2018-10-15T12:33:33","guid":{"rendered":"https:\/\/www.italscalesrl.it\/prodotti\/ladders-with-platform-ccbr\/"},"modified":"2025-12-10T16:28:30","modified_gmt":"2025-12-10T15:28:30","slug":"ladders-with-platform-ccbr","status":"publish","type":"product","link":"https:\/\/www.italscalesrl.it\/en\/prodotti\/ladders-with-platform-ccbr\/","title":{"rendered":"LADDERS WITH PLATFORM &#8211; CCBR"},"content":{"rendered":"<div class=\"sketchfab-embed-wrapper\"><iframe title=\"Italscale srl - Scala CCBR\" src=\"https:\/\/sketchfab.com\/models\/9df3e45178044b729a5de30386f7a2da\/embed?autospin=1&amp;autostart=1&amp;preload=1&amp;ui_hint=0\" width=\"430\" height=\"550\" frameborder=\"0\" allowfullscreen=\"allowfullscreen\"> <\/iframe><\/div>\n","protected":false},"excerpt":{"rendered":"<h3><strong style=\"color: #464646;\">DESCRIPTION<\/strong><\/h3>\n<p>It is constructed with a stainless steel frame, non-slip aluminum steps and landing, and is equipped with a handrail.<\/p>\n<p>Five versions are available:<br \/>\n\u2022 CCBR\/A (photo A, from 3 to 13 steps): 2 fixed rear wheels and 2 front swivel wheels with spring.<br \/>\n\u2022 CCBR\/MA (photo B, from 3 to 13 steps): 2 fixed rear wheels and 2 shaped steel handles (front wheels are excluded).<br \/>\n\u2022 CCBR\/AA (photo C, from 3 to 8 steps): 2 rear swivel wheels with spring and 2 front swivel wheels with spring.<br \/>\n\u2022 CCBR\/P (photo D, from 4 to 13 steps): 2 fixed rear wheels and a front braking device kit consisting of 2 swivel wheels and a brake pedal.<br \/>\n\u2022 CCBR\/F (photo E, from 3 to 13 steps): 2 fixed rear wheels and 2 front swivel wheels with lever brake.<\/p>\n<p>WARNING: in versions P and F, the operator is required to engage the brake before each use.<br \/>\nSteps: mounted on die-cast fittings with pin and anti-torsion recess, inserted into the uprights.<br \/>\nNOT WELDED OR RIVETED<\/p>\n","protected":false},"featured_media":14658,"template":"","meta":{"_acf_changed":false,"inline_featured_image":false},"product_brand":[],"product_cat":[4790,2665,2667,4747],"product_tag":[],"class_list":{"0":"post-15462","1":"product","2":"type-product","3":"status-publish","4":"has-post-thumbnail","6":"product_cat-cemetery-ladders","7":"product_cat-ladders","8":"product_cat-ladders-with-platform","9":"product_cat-with-render","11":"first","12":"instock","13":"shipping-taxable","14":"purchasable","15":"product-type-variable"},"acf":{"descrizione_tecnica_prodotto":"<strong>LOAD CAPACITY:<\/strong> 150 kg (refers to one person with tools)\n\n<strong>SIDES:<\/strong> Stainless steel (60\u00d720 mm + 40\u00d720 mm + 30\u00d715 mm)\n\n<strong>LANDING PLATFORM:<\/strong> Non-slip aluminium 450\u00d7340 mm\n\n<strong>WHEELS:<\/strong> rear \u00f8 140 mm, front \u00f8 100 mm<br>\n\n<strong>STEPS<\/strong>: Non-slip aluminium 150\u00d723 mm\n\n<strong>TOP WIDTH:<\/strong> 450 mm\n\n<strong>SAFETY STANDARD:<\/strong> Legislative Decree (D. Lgs.) n\u00b0 81\/2008","note_tabella":"* Landing is also counted in the number of steps \u2013 ** Weight of the ladder with braking device. - Measurements are in mm","scheda_tecnica":"https:\/\/www.italscalesrl.it\/wp-content\/uploads\/2025\/12\/Catalogo-Scala-CCBR.pdf","immagine_descrizione":9568,"immagine_secondaria":"","foto_dettagli":[7932,7933,7935,7936,8372],"descrizione_iniziale_prodottole":"<strong>WEIGHT CAPACITY:<\/strong> 150 kg (referred to one person with tools)\r\n\r\n<strong>FRAMES<\/strong>: stainless steel (60\u00d720 mm + 40\u00d720 mm + 30\u00d715 mm)\r\n\r\n<strong>PLATFORM:<\/strong> anti-slip aluminum 450\u00d7340 mm\r\n\r\n<strong>WHEELS:<\/strong> rear \u00f8 140 mm, front \u00f8 100 mm\r\n\r\n<strong>STEPS:<\/strong> aluminum non-slip 150\u00d723 mm\r\n\r\n<strong>TOP WIDTH<\/strong>: 450 mm\r\n\r\n<strong>SAFETY STANDARD<\/strong>: D. Lgs. n\u00b0 81\/2008"},"yoast_head":"<!-- This site is optimized with the Yoast SEO plugin v27.3 - https:\/\/yoast.com\/product\/yoast-seo-wordpress\/ -->\n<title>CCBR Stainless Steel Platform Ladder | 5 Versions with Wheels or Brakes<\/title>\n<meta name=\"description\" content=\"Stainless steel platform ladder with non-slip aluminum steps and platform. Available in 5 versions with wheels, brakes, or handles. D.Lgs certified. 81\/2008.\" \/>\n<meta name=\"robots\" content=\"index, follow, max-snippet:-1, max-image-preview:large, max-video-preview:-1\" \/>\n<link rel=\"canonical\" href=\"https:\/\/www.italscalesrl.it\/en\/prodotti\/ladders-with-platform-ccbr\/\" \/>\n<meta property=\"og:locale\" content=\"en_US\" \/>\n<meta property=\"og:type\" content=\"article\" \/>\n<meta property=\"og:title\" content=\"CCBR Stainless Steel Platform Ladder | 5 Versions with Wheels or Brakes\" \/>\n<meta property=\"og:description\" content=\"Stainless steel platform ladder with non-slip aluminum steps and platform. Available in 5 versions with wheels, brakes, or handles. D.Lgs certified. 81\/2008.\" \/>\n<meta property=\"og:url\" content=\"https:\/\/www.italscalesrl.it\/en\/prodotti\/ladders-with-platform-ccbr\/\" \/>\n<meta property=\"og:site_name\" content=\"Italscale Srl\" \/>\n<meta property=\"article:publisher\" content=\"https:\/\/www.facebook.com\/Italscalesrl\/\" \/>\n<meta property=\"article:modified_time\" content=\"2025-12-10T15:28:30+00:00\" \/>\n<meta property=\"og:image\" content=\"https:\/\/www.italscalesrl.it\/wp-content\/uploads\/2024\/12\/Scala-a-palchetto-CCBR-scaled.jpg\" \/>\n\t<meta property=\"og:image:width\" content=\"1707\" \/>\n\t<meta property=\"og:image:height\" content=\"2560\" \/>\n\t<meta property=\"og:image:type\" content=\"image\/jpeg\" \/>\n<meta name=\"twitter:card\" content=\"summary_large_image\" \/>\n<meta name=\"twitter:label1\" content=\"Est. reading time\" \/>\n\t<meta name=\"twitter:data1\" content=\"1 minute\" \/>\n<script type=\"application\/ld+json\" class=\"yoast-schema-graph\">{\"@context\":\"https:\\\/\\\/schema.org\",\"@graph\":[{\"@type\":\"WebPage\",\"@id\":\"https:\\\/\\\/www.italscalesrl.it\\\/en\\\/prodotti\\\/ladders-with-platform-ccbr\\\/\",\"url\":\"https:\\\/\\\/www.italscalesrl.it\\\/en\\\/prodotti\\\/ladders-with-platform-ccbr\\\/\",\"name\":\"CCBR Stainless Steel Platform Ladder | 5 Versions with Wheels or Brakes\",\"isPartOf\":{\"@id\":\"https:\\\/\\\/www.italscalesrl.it\\\/en\\\/#website\"},\"primaryImageOfPage\":{\"@id\":\"https:\\\/\\\/www.italscalesrl.it\\\/en\\\/prodotti\\\/ladders-with-platform-ccbr\\\/#primaryimage\"},\"image\":{\"@id\":\"https:\\\/\\\/www.italscalesrl.it\\\/en\\\/prodotti\\\/ladders-with-platform-ccbr\\\/#primaryimage\"},\"thumbnailUrl\":\"https:\\\/\\\/www.italscalesrl.it\\\/wp-content\\\/uploads\\\/2024\\\/12\\\/Scala-a-palchetto-CCBR-scaled.jpg\",\"datePublished\":\"2018-10-15T12:33:33+00:00\",\"dateModified\":\"2025-12-10T15:28:30+00:00\",\"description\":\"Stainless steel platform ladder with non-slip aluminum steps and platform. Available in 5 versions with wheels, brakes, or handles. D.Lgs certified. 81\\\/2008.\",\"breadcrumb\":{\"@id\":\"https:\\\/\\\/www.italscalesrl.it\\\/en\\\/prodotti\\\/ladders-with-platform-ccbr\\\/#breadcrumb\"},\"inLanguage\":\"en-US\",\"potentialAction\":[{\"@type\":\"ReadAction\",\"target\":[\"https:\\\/\\\/www.italscalesrl.it\\\/en\\\/prodotti\\\/ladders-with-platform-ccbr\\\/\"]}]},{\"@type\":\"ImageObject\",\"inLanguage\":\"en-US\",\"@id\":\"https:\\\/\\\/www.italscalesrl.it\\\/en\\\/prodotti\\\/ladders-with-platform-ccbr\\\/#primaryimage\",\"url\":\"https:\\\/\\\/www.italscalesrl.it\\\/wp-content\\\/uploads\\\/2024\\\/12\\\/Scala-a-palchetto-CCBR-scaled.jpg\",\"contentUrl\":\"https:\\\/\\\/www.italscalesrl.it\\\/wp-content\\\/uploads\\\/2024\\\/12\\\/Scala-a-palchetto-CCBR-scaled.jpg\",\"width\":1707,\"height\":2560,\"caption\":\"Ladder with platform - CCBR\"},{\"@type\":\"BreadcrumbList\",\"@id\":\"https:\\\/\\\/www.italscalesrl.it\\\/en\\\/prodotti\\\/ladders-with-platform-ccbr\\\/#breadcrumb\",\"itemListElement\":[{\"@type\":\"ListItem\",\"position\":1,\"name\":\"Home\",\"item\":\"https:\\\/\\\/www.italscalesrl.it\\\/en\\\/\"},{\"@type\":\"ListItem\",\"position\":2,\"name\":\"ITALSCALE PRODUCTS\",\"item\":\"https:\\\/\\\/www.italscalesrl.it\\\/en\\\/shop-2\\\/\"},{\"@type\":\"ListItem\",\"position\":3,\"name\":\"LADDERS WITH PLATFORM &#8211; CCBR\"}]},{\"@type\":\"WebSite\",\"@id\":\"https:\\\/\\\/www.italscalesrl.it\\\/en\\\/#website\",\"url\":\"https:\\\/\\\/www.italscalesrl.it\\\/en\\\/\",\"name\":\"Italscale Srl\",\"description\":\"Produzione scale in alluminio, trabattelli ed impalcature professionali\",\"publisher\":{\"@id\":\"https:\\\/\\\/www.italscalesrl.it\\\/en\\\/#organization\"},\"potentialAction\":[{\"@type\":\"SearchAction\",\"target\":{\"@type\":\"EntryPoint\",\"urlTemplate\":\"https:\\\/\\\/www.italscalesrl.it\\\/en\\\/?s={search_term_string}\"},\"query-input\":{\"@type\":\"PropertyValueSpecification\",\"valueRequired\":true,\"valueName\":\"search_term_string\"}}],\"inLanguage\":\"en-US\"},{\"@type\":\"Organization\",\"@id\":\"https:\\\/\\\/www.italscalesrl.it\\\/en\\\/#organization\",\"name\":\"Italscale Srl\",\"url\":\"https:\\\/\\\/www.italscalesrl.it\\\/en\\\/\",\"logo\":{\"@type\":\"ImageObject\",\"inLanguage\":\"en-US\",\"@id\":\"https:\\\/\\\/www.italscalesrl.it\\\/en\\\/#\\\/schema\\\/logo\\\/image\\\/\",\"url\":\"https:\\\/\\\/www.italscalesrl.it\\\/wp-content\\\/uploads\\\/2018\\\/11\\\/ITALSCALE_LOGO2.png\",\"contentUrl\":\"https:\\\/\\\/www.italscalesrl.it\\\/wp-content\\\/uploads\\\/2018\\\/11\\\/ITALSCALE_LOGO2.png\",\"width\":350,\"height\":90,\"caption\":\"Italscale Srl\"},\"image\":{\"@id\":\"https:\\\/\\\/www.italscalesrl.it\\\/en\\\/#\\\/schema\\\/logo\\\/image\\\/\"},\"sameAs\":[\"https:\\\/\\\/www.facebook.com\\\/Italscalesrl\\\/\",\"https:\\\/\\\/www.instagram.com\\\/italscalesrl\\\/\"]}]}<\/script>\n<!-- \/ Yoast SEO plugin. -->","yoast_head_json":{"title":"CCBR Stainless Steel Platform Ladder | 5 Versions with Wheels or Brakes","description":"Stainless steel platform ladder with non-slip aluminum steps and platform. Available in 5 versions with wheels, brakes, or handles. D.Lgs certified. 81\/2008.","robots":{"index":"index","follow":"follow","max-snippet":"max-snippet:-1","max-image-preview":"max-image-preview:large","max-video-preview":"max-video-preview:-1"},"canonical":"https:\/\/www.italscalesrl.it\/en\/prodotti\/ladders-with-platform-ccbr\/","og_locale":"en_US","og_type":"article","og_title":"CCBR Stainless Steel Platform Ladder | 5 Versions with Wheels or Brakes","og_description":"Stainless steel platform ladder with non-slip aluminum steps and platform. Available in 5 versions with wheels, brakes, or handles. D.Lgs certified. 81\/2008.","og_url":"https:\/\/www.italscalesrl.it\/en\/prodotti\/ladders-with-platform-ccbr\/","og_site_name":"Italscale Srl","article_publisher":"https:\/\/www.facebook.com\/Italscalesrl\/","article_modified_time":"2025-12-10T15:28:30+00:00","og_image":[{"width":1707,"height":2560,"url":"https:\/\/www.italscalesrl.it\/wp-content\/uploads\/2024\/12\/Scala-a-palchetto-CCBR-scaled.jpg","type":"image\/jpeg"}],"twitter_card":"summary_large_image","twitter_misc":{"Est. reading time":"1 minute"},"schema":{"@context":"https:\/\/schema.org","@graph":[{"@type":"WebPage","@id":"https:\/\/www.italscalesrl.it\/en\/prodotti\/ladders-with-platform-ccbr\/","url":"https:\/\/www.italscalesrl.it\/en\/prodotti\/ladders-with-platform-ccbr\/","name":"CCBR Stainless Steel Platform Ladder | 5 Versions with Wheels or Brakes","isPartOf":{"@id":"https:\/\/www.italscalesrl.it\/en\/#website"},"primaryImageOfPage":{"@id":"https:\/\/www.italscalesrl.it\/en\/prodotti\/ladders-with-platform-ccbr\/#primaryimage"},"image":{"@id":"https:\/\/www.italscalesrl.it\/en\/prodotti\/ladders-with-platform-ccbr\/#primaryimage"},"thumbnailUrl":"https:\/\/www.italscalesrl.it\/wp-content\/uploads\/2024\/12\/Scala-a-palchetto-CCBR-scaled.jpg","datePublished":"2018-10-15T12:33:33+00:00","dateModified":"2025-12-10T15:28:30+00:00","description":"Stainless steel platform ladder with non-slip aluminum steps and platform. Available in 5 versions with wheels, brakes, or handles. D.Lgs certified. 81\/2008.","breadcrumb":{"@id":"https:\/\/www.italscalesrl.it\/en\/prodotti\/ladders-with-platform-ccbr\/#breadcrumb"},"inLanguage":"en-US","potentialAction":[{"@type":"ReadAction","target":["https:\/\/www.italscalesrl.it\/en\/prodotti\/ladders-with-platform-ccbr\/"]}]},{"@type":"ImageObject","inLanguage":"en-US","@id":"https:\/\/www.italscalesrl.it\/en\/prodotti\/ladders-with-platform-ccbr\/#primaryimage","url":"https:\/\/www.italscalesrl.it\/wp-content\/uploads\/2024\/12\/Scala-a-palchetto-CCBR-scaled.jpg","contentUrl":"https:\/\/www.italscalesrl.it\/wp-content\/uploads\/2024\/12\/Scala-a-palchetto-CCBR-scaled.jpg","width":1707,"height":2560,"caption":"Ladder with platform - CCBR"},{"@type":"BreadcrumbList","@id":"https:\/\/www.italscalesrl.it\/en\/prodotti\/ladders-with-platform-ccbr\/#breadcrumb","itemListElement":[{"@type":"ListItem","position":1,"name":"Home","item":"https:\/\/www.italscalesrl.it\/en\/"},{"@type":"ListItem","position":2,"name":"ITALSCALE PRODUCTS","item":"https:\/\/www.italscalesrl.it\/en\/shop-2\/"},{"@type":"ListItem","position":3,"name":"LADDERS WITH PLATFORM &#8211; CCBR"}]},{"@type":"WebSite","@id":"https:\/\/www.italscalesrl.it\/en\/#website","url":"https:\/\/www.italscalesrl.it\/en\/","name":"Italscale Srl","description":"Produzione scale in alluminio, trabattelli ed impalcature professionali","publisher":{"@id":"https:\/\/www.italscalesrl.it\/en\/#organization"},"potentialAction":[{"@type":"SearchAction","target":{"@type":"EntryPoint","urlTemplate":"https:\/\/www.italscalesrl.it\/en\/?s={search_term_string}"},"query-input":{"@type":"PropertyValueSpecification","valueRequired":true,"valueName":"search_term_string"}}],"inLanguage":"en-US"},{"@type":"Organization","@id":"https:\/\/www.italscalesrl.it\/en\/#organization","name":"Italscale Srl","url":"https:\/\/www.italscalesrl.it\/en\/","logo":{"@type":"ImageObject","inLanguage":"en-US","@id":"https:\/\/www.italscalesrl.it\/en\/#\/schema\/logo\/image\/","url":"https:\/\/www.italscalesrl.it\/wp-content\/uploads\/2018\/11\/ITALSCALE_LOGO2.png","contentUrl":"https:\/\/www.italscalesrl.it\/wp-content\/uploads\/2018\/11\/ITALSCALE_LOGO2.png","width":350,"height":90,"caption":"Italscale Srl"},"image":{"@id":"https:\/\/www.italscalesrl.it\/en\/#\/schema\/logo\/image\/"},"sameAs":["https:\/\/www.facebook.com\/Italscalesrl\/","https:\/\/www.instagram.com\/italscalesrl\/"]}]}},"_links":{"self":[{"href":"https:\/\/www.italscalesrl.it\/en\/wp-json\/wp\/v2\/product\/15462","targetHints":{"allow":["GET"]}}],"collection":[{"href":"https:\/\/www.italscalesrl.it\/en\/wp-json\/wp\/v2\/product"}],"about":[{"href":"https:\/\/www.italscalesrl.it\/en\/wp-json\/wp\/v2\/types\/product"}],"acf:attachment":[{"embeddable":true,"href":"https:\/\/www.italscalesrl.it\/en\/wp-json\/wp\/v2\/media\/8372"},{"embeddable":true,"href":"https:\/\/www.italscalesrl.it\/en\/wp-json\/wp\/v2\/media\/7936"},{"embeddable":true,"href":"https:\/\/www.italscalesrl.it\/en\/wp-json\/wp\/v2\/media\/7935"},{"embeddable":true,"href":"https:\/\/www.italscalesrl.it\/en\/wp-json\/wp\/v2\/media\/7933"},{"embeddable":true,"href":"https:\/\/www.italscalesrl.it\/en\/wp-json\/wp\/v2\/media\/7932"}],"wp:featuredmedia":[{"embeddable":true,"href":"https:\/\/www.italscalesrl.it\/en\/wp-json\/wp\/v2\/media\/14658"}],"wp:attachment":[{"href":"https:\/\/www.italscalesrl.it\/en\/wp-json\/wp\/v2\/media?parent=15462"}],"wp:term":[{"taxonomy":"product_brand","embeddable":true,"href":"https:\/\/www.italscalesrl.it\/en\/wp-json\/wp\/v2\/product_brand?post=15462"},{"taxonomy":"product_cat","embeddable":true,"href":"https:\/\/www.italscalesrl.it\/en\/wp-json\/wp\/v2\/product_cat?post=15462"},{"taxonomy":"product_tag","embeddable":true,"href":"https:\/\/www.italscalesrl.it\/en\/wp-json\/wp\/v2\/product_tag?post=15462"}],"curies":[{"name":"wp","href":"https:\/\/api.w.org\/{rel}","templated":true}]}}