{"id":15500,"date":"2018-10-18T07:40:31","date_gmt":"2018-10-18T07:40:31","guid":{"rendered":"https:\/\/www.italscalesrl.it\/prodotti\/wheeled-scaffolding-n-01\/"},"modified":"2025-05-12T09:42:45","modified_gmt":"2025-05-12T07:42:45","slug":"wheeled-scaffolding-n-01","status":"publish","type":"product","link":"https:\/\/www.italscalesrl.it\/en\/prodotti\/wheeled-scaffolding-n-01\/","title":{"rendered":"WHEELED SCAFFOLDING N-01"},"content":{"rendered":"","protected":false},"excerpt":{"rendered":"<h3><strong style=\"color: #464646;\">DESCRIPTION<\/strong><\/h3>\n<p>The scaffolding is made with galvanized steel pipes, it is composed of vertical ladder elements (round section frames \u00f8 40 mm and rectangular anti-slip steps section 40\u00d720 mm) and horizontal elements of junction with oval section 30\u00d715 mm. It is easy to transport, light, practical and safe.<\/p>\n","protected":false},"featured_media":13202,"template":"","meta":{"_acf_changed":false,"inline_featured_image":false},"product_brand":[],"product_cat":[2666],"product_tag":[],"class_list":{"0":"post-15500","1":"product","2":"type-product","3":"status-publish","4":"has-post-thumbnail","6":"product_cat-scaffoldings","8":"first","9":"instock","10":"shipping-taxable","11":"purchasable","12":"product-type-variable"},"acf":{"descrizione_tecnica_prodotto":"<strong>LOAD CAPACITY: <\/strong>200kg x m2\n\n<strong>STEPS: <\/strong>Galvanized steel 40x20 mm\n\n<strong>WHEELS:<\/strong> Swivel with brake \u00f8 150 mm\n\n<strong>BASE DIMENSIONS: <\/strong>2000x1200 mm\n\n<strong>MAXIMUM PLATFORM HEIGHT: <\/strong>7000 mm\n\n<strong>TOTAL STRUCTURE HEIGHT: <\/strong>8000 mm\n\n<strong>SAFETY STANDARD:<\/strong> UNI EN 1004","note_tabella":"","scheda_tecnica":"https:\/\/www.italscalesrl.it\/wp-content\/uploads\/2025\/04\/Catalog-Scaffolding-N-01.pdf","immagine_descrizione":13211,"immagine_secondaria":null,"foto_dettagli":[13145,13147,13149],"descrizione_iniziale_prodottole":""},"yoast_head":"<!-- This site is optimized with the Yoast SEO plugin v27.3 - https:\/\/yoast.com\/product\/yoast-seo-wordpress\/ -->\n<title>N-01 Scaffolding in Galvanized Steel | Height Up to 8 Meters<\/title>\n<meta name=\"description\" content=\"N-01 Modular Scaffolding in Galvanized Steel, Max Height 8m, with Wheels and Safety Ties. Ideal for Construction Work. Compliant with UNI EN 1004\" \/>\n<meta name=\"robots\" content=\"index, follow, max-snippet:-1, max-image-preview:large, max-video-preview:-1\" \/>\n<link rel=\"canonical\" href=\"https:\/\/www.italscalesrl.it\/en\/prodotti\/wheeled-scaffolding-n-01\/\" \/>\n<meta property=\"og:locale\" content=\"en_US\" \/>\n<meta property=\"og:type\" content=\"article\" \/>\n<meta property=\"og:title\" content=\"N-01 Scaffolding in Galvanized Steel | Height Up to 8 Meters\" \/>\n<meta property=\"og:description\" content=\"N-01 Modular Scaffolding in Galvanized Steel, Max Height 8m, with Wheels and Safety Ties. Ideal for Construction Work. Compliant with UNI EN 1004\" \/>\n<meta property=\"og:url\" content=\"https:\/\/www.italscalesrl.it\/en\/prodotti\/wheeled-scaffolding-n-01\/\" \/>\n<meta property=\"og:site_name\" content=\"Italscale Srl\" \/>\n<meta property=\"article:publisher\" content=\"https:\/\/www.facebook.com\/Italscalesrl\/\" \/>\n<meta property=\"article:modified_time\" content=\"2025-05-12T07:42:45+00:00\" \/>\n<meta property=\"og:image\" content=\"https:\/\/www.italscalesrl.it\/wp-content\/uploads\/2023\/11\/Foto-principale-ponteggio-N-01.png\" \/>\n\t<meta property=\"og:image:width\" content=\"872\" \/>\n\t<meta property=\"og:image:height\" content=\"1179\" \/>\n\t<meta property=\"og:image:type\" content=\"image\/png\" \/>\n<meta name=\"twitter:card\" content=\"summary_large_image\" \/>\n<script type=\"application\/ld+json\" class=\"yoast-schema-graph\">{\"@context\":\"https:\\\/\\\/schema.org\",\"@graph\":[{\"@type\":\"WebPage\",\"@id\":\"https:\\\/\\\/www.italscalesrl.it\\\/en\\\/prodotti\\\/wheeled-scaffolding-n-01\\\/\",\"url\":\"https:\\\/\\\/www.italscalesrl.it\\\/en\\\/prodotti\\\/wheeled-scaffolding-n-01\\\/\",\"name\":\"N-01 Scaffolding in Galvanized Steel | Height Up to 8 Meters\",\"isPartOf\":{\"@id\":\"https:\\\/\\\/www.italscalesrl.it\\\/en\\\/#website\"},\"primaryImageOfPage\":{\"@id\":\"https:\\\/\\\/www.italscalesrl.it\\\/en\\\/prodotti\\\/wheeled-scaffolding-n-01\\\/#primaryimage\"},\"image\":{\"@id\":\"https:\\\/\\\/www.italscalesrl.it\\\/en\\\/prodotti\\\/wheeled-scaffolding-n-01\\\/#primaryimage\"},\"thumbnailUrl\":\"https:\\\/\\\/www.italscalesrl.it\\\/wp-content\\\/uploads\\\/2023\\\/11\\\/Foto-principale-ponteggio-N-01.png\",\"datePublished\":\"2018-10-18T07:40:31+00:00\",\"dateModified\":\"2025-05-12T07:42:45+00:00\",\"description\":\"N-01 Modular Scaffolding in Galvanized Steel, Max Height 8m, with Wheels and Safety Ties. Ideal for Construction Work. Compliant with UNI EN 1004\",\"breadcrumb\":{\"@id\":\"https:\\\/\\\/www.italscalesrl.it\\\/en\\\/prodotti\\\/wheeled-scaffolding-n-01\\\/#breadcrumb\"},\"inLanguage\":\"en-US\",\"potentialAction\":[{\"@type\":\"ReadAction\",\"target\":[\"https:\\\/\\\/www.italscalesrl.it\\\/en\\\/prodotti\\\/wheeled-scaffolding-n-01\\\/\"]}]},{\"@type\":\"ImageObject\",\"inLanguage\":\"en-US\",\"@id\":\"https:\\\/\\\/www.italscalesrl.it\\\/en\\\/prodotti\\\/wheeled-scaffolding-n-01\\\/#primaryimage\",\"url\":\"https:\\\/\\\/www.italscalesrl.it\\\/wp-content\\\/uploads\\\/2023\\\/11\\\/Foto-principale-ponteggio-N-01.png\",\"contentUrl\":\"https:\\\/\\\/www.italscalesrl.it\\\/wp-content\\\/uploads\\\/2023\\\/11\\\/Foto-principale-ponteggio-N-01.png\",\"width\":872,\"height\":1179},{\"@type\":\"BreadcrumbList\",\"@id\":\"https:\\\/\\\/www.italscalesrl.it\\\/en\\\/prodotti\\\/wheeled-scaffolding-n-01\\\/#breadcrumb\",\"itemListElement\":[{\"@type\":\"ListItem\",\"position\":1,\"name\":\"Home\",\"item\":\"https:\\\/\\\/www.italscalesrl.it\\\/en\\\/\"},{\"@type\":\"ListItem\",\"position\":2,\"name\":\"ITALSCALE PRODUCTS\",\"item\":\"https:\\\/\\\/www.italscalesrl.it\\\/en\\\/shop-2\\\/\"},{\"@type\":\"ListItem\",\"position\":3,\"name\":\"WHEELED SCAFFOLDING N-01\"}]},{\"@type\":\"WebSite\",\"@id\":\"https:\\\/\\\/www.italscalesrl.it\\\/en\\\/#website\",\"url\":\"https:\\\/\\\/www.italscalesrl.it\\\/en\\\/\",\"name\":\"Italscale Srl\",\"description\":\"Produzione scale in alluminio, trabattelli ed impalcature professionali\",\"publisher\":{\"@id\":\"https:\\\/\\\/www.italscalesrl.it\\\/en\\\/#organization\"},\"potentialAction\":[{\"@type\":\"SearchAction\",\"target\":{\"@type\":\"EntryPoint\",\"urlTemplate\":\"https:\\\/\\\/www.italscalesrl.it\\\/en\\\/?s={search_term_string}\"},\"query-input\":{\"@type\":\"PropertyValueSpecification\",\"valueRequired\":true,\"valueName\":\"search_term_string\"}}],\"inLanguage\":\"en-US\"},{\"@type\":\"Organization\",\"@id\":\"https:\\\/\\\/www.italscalesrl.it\\\/en\\\/#organization\",\"name\":\"Italscale Srl\",\"url\":\"https:\\\/\\\/www.italscalesrl.it\\\/en\\\/\",\"logo\":{\"@type\":\"ImageObject\",\"inLanguage\":\"en-US\",\"@id\":\"https:\\\/\\\/www.italscalesrl.it\\\/en\\\/#\\\/schema\\\/logo\\\/image\\\/\",\"url\":\"https:\\\/\\\/www.italscalesrl.it\\\/wp-content\\\/uploads\\\/2018\\\/11\\\/ITALSCALE_LOGO2.png\",\"contentUrl\":\"https:\\\/\\\/www.italscalesrl.it\\\/wp-content\\\/uploads\\\/2018\\\/11\\\/ITALSCALE_LOGO2.png\",\"width\":350,\"height\":90,\"caption\":\"Italscale Srl\"},\"image\":{\"@id\":\"https:\\\/\\\/www.italscalesrl.it\\\/en\\\/#\\\/schema\\\/logo\\\/image\\\/\"},\"sameAs\":[\"https:\\\/\\\/www.facebook.com\\\/Italscalesrl\\\/\",\"https:\\\/\\\/www.instagram.com\\\/italscalesrl\\\/\"]}]}<\/script>\n<!-- \/ Yoast SEO plugin. -->","yoast_head_json":{"title":"N-01 Scaffolding in Galvanized Steel | Height Up to 8 Meters","description":"N-01 Modular Scaffolding in Galvanized Steel, Max Height 8m, with Wheels and Safety Ties. Ideal for Construction Work. Compliant with UNI EN 1004","robots":{"index":"index","follow":"follow","max-snippet":"max-snippet:-1","max-image-preview":"max-image-preview:large","max-video-preview":"max-video-preview:-1"},"canonical":"https:\/\/www.italscalesrl.it\/en\/prodotti\/wheeled-scaffolding-n-01\/","og_locale":"en_US","og_type":"article","og_title":"N-01 Scaffolding in Galvanized Steel | Height Up to 8 Meters","og_description":"N-01 Modular Scaffolding in Galvanized Steel, Max Height 8m, with Wheels and Safety Ties. Ideal for Construction Work. Compliant with UNI EN 1004","og_url":"https:\/\/www.italscalesrl.it\/en\/prodotti\/wheeled-scaffolding-n-01\/","og_site_name":"Italscale Srl","article_publisher":"https:\/\/www.facebook.com\/Italscalesrl\/","article_modified_time":"2025-05-12T07:42:45+00:00","og_image":[{"width":872,"height":1179,"url":"https:\/\/www.italscalesrl.it\/wp-content\/uploads\/2023\/11\/Foto-principale-ponteggio-N-01.png","type":"image\/png"}],"twitter_card":"summary_large_image","schema":{"@context":"https:\/\/schema.org","@graph":[{"@type":"WebPage","@id":"https:\/\/www.italscalesrl.it\/en\/prodotti\/wheeled-scaffolding-n-01\/","url":"https:\/\/www.italscalesrl.it\/en\/prodotti\/wheeled-scaffolding-n-01\/","name":"N-01 Scaffolding in Galvanized Steel | Height Up to 8 Meters","isPartOf":{"@id":"https:\/\/www.italscalesrl.it\/en\/#website"},"primaryImageOfPage":{"@id":"https:\/\/www.italscalesrl.it\/en\/prodotti\/wheeled-scaffolding-n-01\/#primaryimage"},"image":{"@id":"https:\/\/www.italscalesrl.it\/en\/prodotti\/wheeled-scaffolding-n-01\/#primaryimage"},"thumbnailUrl":"https:\/\/www.italscalesrl.it\/wp-content\/uploads\/2023\/11\/Foto-principale-ponteggio-N-01.png","datePublished":"2018-10-18T07:40:31+00:00","dateModified":"2025-05-12T07:42:45+00:00","description":"N-01 Modular Scaffolding in Galvanized Steel, Max Height 8m, with Wheels and Safety Ties. Ideal for Construction Work. Compliant with UNI EN 1004","breadcrumb":{"@id":"https:\/\/www.italscalesrl.it\/en\/prodotti\/wheeled-scaffolding-n-01\/#breadcrumb"},"inLanguage":"en-US","potentialAction":[{"@type":"ReadAction","target":["https:\/\/www.italscalesrl.it\/en\/prodotti\/wheeled-scaffolding-n-01\/"]}]},{"@type":"ImageObject","inLanguage":"en-US","@id":"https:\/\/www.italscalesrl.it\/en\/prodotti\/wheeled-scaffolding-n-01\/#primaryimage","url":"https:\/\/www.italscalesrl.it\/wp-content\/uploads\/2023\/11\/Foto-principale-ponteggio-N-01.png","contentUrl":"https:\/\/www.italscalesrl.it\/wp-content\/uploads\/2023\/11\/Foto-principale-ponteggio-N-01.png","width":872,"height":1179},{"@type":"BreadcrumbList","@id":"https:\/\/www.italscalesrl.it\/en\/prodotti\/wheeled-scaffolding-n-01\/#breadcrumb","itemListElement":[{"@type":"ListItem","position":1,"name":"Home","item":"https:\/\/www.italscalesrl.it\/en\/"},{"@type":"ListItem","position":2,"name":"ITALSCALE PRODUCTS","item":"https:\/\/www.italscalesrl.it\/en\/shop-2\/"},{"@type":"ListItem","position":3,"name":"WHEELED SCAFFOLDING N-01"}]},{"@type":"WebSite","@id":"https:\/\/www.italscalesrl.it\/en\/#website","url":"https:\/\/www.italscalesrl.it\/en\/","name":"Italscale Srl","description":"Produzione scale in alluminio, trabattelli ed impalcature professionali","publisher":{"@id":"https:\/\/www.italscalesrl.it\/en\/#organization"},"potentialAction":[{"@type":"SearchAction","target":{"@type":"EntryPoint","urlTemplate":"https:\/\/www.italscalesrl.it\/en\/?s={search_term_string}"},"query-input":{"@type":"PropertyValueSpecification","valueRequired":true,"valueName":"search_term_string"}}],"inLanguage":"en-US"},{"@type":"Organization","@id":"https:\/\/www.italscalesrl.it\/en\/#organization","name":"Italscale Srl","url":"https:\/\/www.italscalesrl.it\/en\/","logo":{"@type":"ImageObject","inLanguage":"en-US","@id":"https:\/\/www.italscalesrl.it\/en\/#\/schema\/logo\/image\/","url":"https:\/\/www.italscalesrl.it\/wp-content\/uploads\/2018\/11\/ITALSCALE_LOGO2.png","contentUrl":"https:\/\/www.italscalesrl.it\/wp-content\/uploads\/2018\/11\/ITALSCALE_LOGO2.png","width":350,"height":90,"caption":"Italscale Srl"},"image":{"@id":"https:\/\/www.italscalesrl.it\/en\/#\/schema\/logo\/image\/"},"sameAs":["https:\/\/www.facebook.com\/Italscalesrl\/","https:\/\/www.instagram.com\/italscalesrl\/"]}]}},"_links":{"self":[{"href":"https:\/\/www.italscalesrl.it\/en\/wp-json\/wp\/v2\/product\/15500","targetHints":{"allow":["GET"]}}],"collection":[{"href":"https:\/\/www.italscalesrl.it\/en\/wp-json\/wp\/v2\/product"}],"about":[{"href":"https:\/\/www.italscalesrl.it\/en\/wp-json\/wp\/v2\/types\/product"}],"acf:attachment":[{"embeddable":true,"href":"https:\/\/www.italscalesrl.it\/en\/wp-json\/wp\/v2\/media\/13149"},{"embeddable":true,"href":"https:\/\/www.italscalesrl.it\/en\/wp-json\/wp\/v2\/media\/13147"},{"embeddable":true,"href":"https:\/\/www.italscalesrl.it\/en\/wp-json\/wp\/v2\/media\/13145"}],"wp:featuredmedia":[{"embeddable":true,"href":"https:\/\/www.italscalesrl.it\/en\/wp-json\/wp\/v2\/media\/13202"}],"wp:attachment":[{"href":"https:\/\/www.italscalesrl.it\/en\/wp-json\/wp\/v2\/media?parent=15500"}],"wp:term":[{"taxonomy":"product_brand","embeddable":true,"href":"https:\/\/www.italscalesrl.it\/en\/wp-json\/wp\/v2\/product_brand?post=15500"},{"taxonomy":"product_cat","embeddable":true,"href":"https:\/\/www.italscalesrl.it\/en\/wp-json\/wp\/v2\/product_cat?post=15500"},{"taxonomy":"product_tag","embeddable":true,"href":"https:\/\/www.italscalesrl.it\/en\/wp-json\/wp\/v2\/product_tag?post=15500"}],"curies":[{"name":"wp","href":"https:\/\/api.w.org\/{rel}","templated":true}]}}