{"id":15750,"date":"2018-10-16T08:23:58","date_gmt":"2018-10-16T08:23:58","guid":{"rendered":"https:\/\/www.italscalesrl.it\/prodotti\/side-sliding-ladder-sl\/"},"modified":"2025-05-12T10:07:00","modified_gmt":"2025-05-12T08:07:00","slug":"side-sliding-ladder-sl","status":"publish","type":"product","link":"https:\/\/www.italscalesrl.it\/en\/prodotti\/side-sliding-ladder-sl\/","title":{"rendered":"SIDE SLIDING LADDER &#8211; SL"},"content":{"rendered":"<div class=\"sketchfab-embed-wrapper\"><iframe title=\"Italscale srl - Scala SL\" src=\"https:\/\/sketchfab.com\/models\/09e4bec5369949e685d4448380cb4a9d\/embed?autospin=1&amp;autostart=1&amp;annotations_visible=1&amp;dnt=1\" width=\"430\" height=\"550\" frameborder=\"0\" allowfullscreen=\"allowfullscreen\"> <\/iframe><\/div>\n","protected":false},"excerpt":{"rendered":"<h3><strong style=\"color: #464646;\">DESCRIPTION<\/strong><\/h3>\n<p>The ladder slides on an aluminum rail by means of a trolley. The ladder slides on an aluminum rail by means of a carriage. The carriage allows linear movements by means of 12 ball bearings and can be locked by a handwheel.<br \/>\nIt is constructed with a stainless steel frame with non-slip aluminum steps and landing and is equipped with a handrail. It attaches to any piece of furniture, wall or shelf.<br \/>\nSteps: are mounted on die-cast attachments with anti-twist rung and scan, inserted to the uprights.<br \/>\n NEITHER WELDED NOR RIVETED <\/p>\n","protected":false},"featured_media":12566,"template":"","meta":{"_acf_changed":false,"inline_featured_image":false},"product_brand":[],"product_cat":[4790,2665,4859,2670,4747],"product_tag":[],"class_list":{"0":"post-15750","1":"product","2":"type-product","3":"status-publish","4":"has-post-thumbnail","6":"product_cat-cemetery-ladders","7":"product_cat-ladders","8":"product_cat-shelving-ladders","9":"product_cat-sliding-ladders","10":"product_cat-with-render","12":"first","13":"instock","14":"shipping-taxable","15":"purchasable","16":"product-type-variable"},"acf":{"descrizione_tecnica_prodotto":"<strong>WEIGHT CAPACITY:<\/strong> 150 kg (referred to one person with tools)\n\n<strong>FRAMES<\/strong>: stainless steel (60\u00d720 mm + 40\u00d720 mm + 30\u00d715 mm)\n\n<strong>PLATFORM:<\/strong> anti-slip aluminum 450\u00d7340 mm\n\n<strong>WHEELS:<\/strong> \u00f8 100 mm with spring\n\n<strong>STEPS:<\/strong> aluminum non-slip 150\u00d723 mm\n\n<strong>TOP WIDTH:<\/strong> 450 mm\n\n<strong>SAFETY STANDARD:<\/strong> UNI EN 131-2","note_tabella":"* Landing is also counted in the number of steps - ** Minimum clearance from the wall (without spacers) - Measurements are in mm","scheda_tecnica":"https:\/\/www.italscalesrl.it\/wp-content\/uploads\/2025\/04\/Catalog-Ladder-SL.pdf","immagine_descrizione":7988,"immagine_secondaria":null,"foto_dettagli":[7986,7987,7989,7990,7991],"descrizione_iniziale_prodottole":"<strong>WEIGHT CAPACITY:<\/strong> 150 kg (referred to one person with tools)\n\n<strong>FRAMES<\/strong>: stainless steel (60\u00d720 mm + 40\u00d720 mm + 30\u00d715 mm)\n\n<strong>PLATFORM:<\/strong> anti-slip aluminum 450\u00d7340 mm\n\n<strong>WHEELS:<\/strong> \u00f8 100 mm with spring\n\n<strong>STEPS:<\/strong> aluminum non-slip 150\u00d723 mm\n\n<strong>TOP WIDTH:<\/strong> 450 mm\n\n<strong>SAFETY STANDARD:<\/strong> UNI EN 131-2"},"yoast_head":"<!-- This site is optimized with the Yoast SEO plugin v27.3 - https:\/\/yoast.com\/product\/yoast-seo-wordpress\/ -->\n<title>Lateral Sliding Ladder SL in Stainless Steel | With Handrail<\/title>\n<meta name=\"description\" content=\"Lateral sliding ladder with ball bearing trolley, stainless steel structure, and anti-slip steps. Ideal for shelves, furniture, and walls. Lockable and compliant with UNI EN 131-2\" \/>\n<meta name=\"robots\" content=\"index, follow, max-snippet:-1, max-image-preview:large, max-video-preview:-1\" \/>\n<link rel=\"canonical\" href=\"https:\/\/www.italscalesrl.it\/en\/prodotti\/side-sliding-ladder-sl\/\" \/>\n<meta property=\"og:locale\" content=\"en_US\" \/>\n<meta property=\"og:type\" content=\"article\" \/>\n<meta property=\"og:title\" content=\"Lateral Sliding Ladder SL in Stainless Steel | With Handrail\" \/>\n<meta property=\"og:description\" content=\"Lateral sliding ladder with ball bearing trolley, stainless steel structure, and anti-slip steps. Ideal for shelves, furniture, and walls. Lockable and compliant with UNI EN 131-2\" \/>\n<meta property=\"og:url\" content=\"https:\/\/www.italscalesrl.it\/en\/prodotti\/side-sliding-ladder-sl\/\" \/>\n<meta property=\"og:site_name\" content=\"Italscale Srl\" \/>\n<meta property=\"article:publisher\" content=\"https:\/\/www.facebook.com\/Italscalesrl\/\" \/>\n<meta property=\"article:modified_time\" content=\"2025-05-12T08:07:00+00:00\" \/>\n<meta property=\"og:image\" content=\"https:\/\/www.italscalesrl.it\/wp-content\/uploads\/2023\/06\/Scala-scorrevole-laterale-SL.png\" \/>\n\t<meta property=\"og:image:width\" content=\"872\" \/>\n\t<meta property=\"og:image:height\" content=\"1179\" \/>\n\t<meta property=\"og:image:type\" content=\"image\/png\" \/>\n<meta name=\"twitter:card\" content=\"summary_large_image\" \/>\n<script type=\"application\/ld+json\" class=\"yoast-schema-graph\">{\"@context\":\"https:\\\/\\\/schema.org\",\"@graph\":[{\"@type\":\"WebPage\",\"@id\":\"https:\\\/\\\/www.italscalesrl.it\\\/en\\\/prodotti\\\/side-sliding-ladder-sl\\\/\",\"url\":\"https:\\\/\\\/www.italscalesrl.it\\\/en\\\/prodotti\\\/side-sliding-ladder-sl\\\/\",\"name\":\"Lateral Sliding Ladder SL in Stainless Steel | With Handrail\",\"isPartOf\":{\"@id\":\"https:\\\/\\\/www.italscalesrl.it\\\/en\\\/#website\"},\"primaryImageOfPage\":{\"@id\":\"https:\\\/\\\/www.italscalesrl.it\\\/en\\\/prodotti\\\/side-sliding-ladder-sl\\\/#primaryimage\"},\"image\":{\"@id\":\"https:\\\/\\\/www.italscalesrl.it\\\/en\\\/prodotti\\\/side-sliding-ladder-sl\\\/#primaryimage\"},\"thumbnailUrl\":\"https:\\\/\\\/www.italscalesrl.it\\\/wp-content\\\/uploads\\\/2023\\\/06\\\/Scala-scorrevole-laterale-SL.png\",\"datePublished\":\"2018-10-16T08:23:58+00:00\",\"dateModified\":\"2025-05-12T08:07:00+00:00\",\"description\":\"Lateral sliding ladder with ball bearing trolley, stainless steel structure, and anti-slip steps. Ideal for shelves, furniture, and walls. Lockable and compliant with UNI EN 131-2\",\"breadcrumb\":{\"@id\":\"https:\\\/\\\/www.italscalesrl.it\\\/en\\\/prodotti\\\/side-sliding-ladder-sl\\\/#breadcrumb\"},\"inLanguage\":\"en-US\",\"potentialAction\":[{\"@type\":\"ReadAction\",\"target\":[\"https:\\\/\\\/www.italscalesrl.it\\\/en\\\/prodotti\\\/side-sliding-ladder-sl\\\/\"]}]},{\"@type\":\"ImageObject\",\"inLanguage\":\"en-US\",\"@id\":\"https:\\\/\\\/www.italscalesrl.it\\\/en\\\/prodotti\\\/side-sliding-ladder-sl\\\/#primaryimage\",\"url\":\"https:\\\/\\\/www.italscalesrl.it\\\/wp-content\\\/uploads\\\/2023\\\/06\\\/Scala-scorrevole-laterale-SL.png\",\"contentUrl\":\"https:\\\/\\\/www.italscalesrl.it\\\/wp-content\\\/uploads\\\/2023\\\/06\\\/Scala-scorrevole-laterale-SL.png\",\"width\":872,\"height\":1179,\"caption\":\"Side sliding Ladder - SL\"},{\"@type\":\"BreadcrumbList\",\"@id\":\"https:\\\/\\\/www.italscalesrl.it\\\/en\\\/prodotti\\\/side-sliding-ladder-sl\\\/#breadcrumb\",\"itemListElement\":[{\"@type\":\"ListItem\",\"position\":1,\"name\":\"Home\",\"item\":\"https:\\\/\\\/www.italscalesrl.it\\\/en\\\/\"},{\"@type\":\"ListItem\",\"position\":2,\"name\":\"ITALSCALE PRODUCTS\",\"item\":\"https:\\\/\\\/www.italscalesrl.it\\\/en\\\/shop-2\\\/\"},{\"@type\":\"ListItem\",\"position\":3,\"name\":\"SIDE SLIDING LADDER &#8211; SL\"}]},{\"@type\":\"WebSite\",\"@id\":\"https:\\\/\\\/www.italscalesrl.it\\\/en\\\/#website\",\"url\":\"https:\\\/\\\/www.italscalesrl.it\\\/en\\\/\",\"name\":\"Italscale Srl\",\"description\":\"Produzione scale in alluminio, trabattelli ed impalcature professionali\",\"publisher\":{\"@id\":\"https:\\\/\\\/www.italscalesrl.it\\\/en\\\/#organization\"},\"potentialAction\":[{\"@type\":\"SearchAction\",\"target\":{\"@type\":\"EntryPoint\",\"urlTemplate\":\"https:\\\/\\\/www.italscalesrl.it\\\/en\\\/?s={search_term_string}\"},\"query-input\":{\"@type\":\"PropertyValueSpecification\",\"valueRequired\":true,\"valueName\":\"search_term_string\"}}],\"inLanguage\":\"en-US\"},{\"@type\":\"Organization\",\"@id\":\"https:\\\/\\\/www.italscalesrl.it\\\/en\\\/#organization\",\"name\":\"Italscale Srl\",\"url\":\"https:\\\/\\\/www.italscalesrl.it\\\/en\\\/\",\"logo\":{\"@type\":\"ImageObject\",\"inLanguage\":\"en-US\",\"@id\":\"https:\\\/\\\/www.italscalesrl.it\\\/en\\\/#\\\/schema\\\/logo\\\/image\\\/\",\"url\":\"https:\\\/\\\/www.italscalesrl.it\\\/wp-content\\\/uploads\\\/2018\\\/11\\\/ITALSCALE_LOGO2.png\",\"contentUrl\":\"https:\\\/\\\/www.italscalesrl.it\\\/wp-content\\\/uploads\\\/2018\\\/11\\\/ITALSCALE_LOGO2.png\",\"width\":350,\"height\":90,\"caption\":\"Italscale Srl\"},\"image\":{\"@id\":\"https:\\\/\\\/www.italscalesrl.it\\\/en\\\/#\\\/schema\\\/logo\\\/image\\\/\"},\"sameAs\":[\"https:\\\/\\\/www.facebook.com\\\/Italscalesrl\\\/\",\"https:\\\/\\\/www.instagram.com\\\/italscalesrl\\\/\"]}]}<\/script>\n<!-- \/ Yoast SEO plugin. -->","yoast_head_json":{"title":"Lateral Sliding Ladder SL in Stainless Steel | With Handrail","description":"Lateral sliding ladder with ball bearing trolley, stainless steel structure, and anti-slip steps. Ideal for shelves, furniture, and walls. Lockable and compliant with UNI EN 131-2","robots":{"index":"index","follow":"follow","max-snippet":"max-snippet:-1","max-image-preview":"max-image-preview:large","max-video-preview":"max-video-preview:-1"},"canonical":"https:\/\/www.italscalesrl.it\/en\/prodotti\/side-sliding-ladder-sl\/","og_locale":"en_US","og_type":"article","og_title":"Lateral Sliding Ladder SL in Stainless Steel | With Handrail","og_description":"Lateral sliding ladder with ball bearing trolley, stainless steel structure, and anti-slip steps. Ideal for shelves, furniture, and walls. Lockable and compliant with UNI EN 131-2","og_url":"https:\/\/www.italscalesrl.it\/en\/prodotti\/side-sliding-ladder-sl\/","og_site_name":"Italscale Srl","article_publisher":"https:\/\/www.facebook.com\/Italscalesrl\/","article_modified_time":"2025-05-12T08:07:00+00:00","og_image":[{"width":872,"height":1179,"url":"https:\/\/www.italscalesrl.it\/wp-content\/uploads\/2023\/06\/Scala-scorrevole-laterale-SL.png","type":"image\/png"}],"twitter_card":"summary_large_image","schema":{"@context":"https:\/\/schema.org","@graph":[{"@type":"WebPage","@id":"https:\/\/www.italscalesrl.it\/en\/prodotti\/side-sliding-ladder-sl\/","url":"https:\/\/www.italscalesrl.it\/en\/prodotti\/side-sliding-ladder-sl\/","name":"Lateral Sliding Ladder SL in Stainless Steel | With Handrail","isPartOf":{"@id":"https:\/\/www.italscalesrl.it\/en\/#website"},"primaryImageOfPage":{"@id":"https:\/\/www.italscalesrl.it\/en\/prodotti\/side-sliding-ladder-sl\/#primaryimage"},"image":{"@id":"https:\/\/www.italscalesrl.it\/en\/prodotti\/side-sliding-ladder-sl\/#primaryimage"},"thumbnailUrl":"https:\/\/www.italscalesrl.it\/wp-content\/uploads\/2023\/06\/Scala-scorrevole-laterale-SL.png","datePublished":"2018-10-16T08:23:58+00:00","dateModified":"2025-05-12T08:07:00+00:00","description":"Lateral sliding ladder with ball bearing trolley, stainless steel structure, and anti-slip steps. Ideal for shelves, furniture, and walls. Lockable and compliant with UNI EN 131-2","breadcrumb":{"@id":"https:\/\/www.italscalesrl.it\/en\/prodotti\/side-sliding-ladder-sl\/#breadcrumb"},"inLanguage":"en-US","potentialAction":[{"@type":"ReadAction","target":["https:\/\/www.italscalesrl.it\/en\/prodotti\/side-sliding-ladder-sl\/"]}]},{"@type":"ImageObject","inLanguage":"en-US","@id":"https:\/\/www.italscalesrl.it\/en\/prodotti\/side-sliding-ladder-sl\/#primaryimage","url":"https:\/\/www.italscalesrl.it\/wp-content\/uploads\/2023\/06\/Scala-scorrevole-laterale-SL.png","contentUrl":"https:\/\/www.italscalesrl.it\/wp-content\/uploads\/2023\/06\/Scala-scorrevole-laterale-SL.png","width":872,"height":1179,"caption":"Side sliding Ladder - SL"},{"@type":"BreadcrumbList","@id":"https:\/\/www.italscalesrl.it\/en\/prodotti\/side-sliding-ladder-sl\/#breadcrumb","itemListElement":[{"@type":"ListItem","position":1,"name":"Home","item":"https:\/\/www.italscalesrl.it\/en\/"},{"@type":"ListItem","position":2,"name":"ITALSCALE PRODUCTS","item":"https:\/\/www.italscalesrl.it\/en\/shop-2\/"},{"@type":"ListItem","position":3,"name":"SIDE SLIDING LADDER &#8211; SL"}]},{"@type":"WebSite","@id":"https:\/\/www.italscalesrl.it\/en\/#website","url":"https:\/\/www.italscalesrl.it\/en\/","name":"Italscale Srl","description":"Produzione scale in alluminio, trabattelli ed impalcature professionali","publisher":{"@id":"https:\/\/www.italscalesrl.it\/en\/#organization"},"potentialAction":[{"@type":"SearchAction","target":{"@type":"EntryPoint","urlTemplate":"https:\/\/www.italscalesrl.it\/en\/?s={search_term_string}"},"query-input":{"@type":"PropertyValueSpecification","valueRequired":true,"valueName":"search_term_string"}}],"inLanguage":"en-US"},{"@type":"Organization","@id":"https:\/\/www.italscalesrl.it\/en\/#organization","name":"Italscale Srl","url":"https:\/\/www.italscalesrl.it\/en\/","logo":{"@type":"ImageObject","inLanguage":"en-US","@id":"https:\/\/www.italscalesrl.it\/en\/#\/schema\/logo\/image\/","url":"https:\/\/www.italscalesrl.it\/wp-content\/uploads\/2018\/11\/ITALSCALE_LOGO2.png","contentUrl":"https:\/\/www.italscalesrl.it\/wp-content\/uploads\/2018\/11\/ITALSCALE_LOGO2.png","width":350,"height":90,"caption":"Italscale Srl"},"image":{"@id":"https:\/\/www.italscalesrl.it\/en\/#\/schema\/logo\/image\/"},"sameAs":["https:\/\/www.facebook.com\/Italscalesrl\/","https:\/\/www.instagram.com\/italscalesrl\/"]}]}},"_links":{"self":[{"href":"https:\/\/www.italscalesrl.it\/en\/wp-json\/wp\/v2\/product\/15750","targetHints":{"allow":["GET"]}}],"collection":[{"href":"https:\/\/www.italscalesrl.it\/en\/wp-json\/wp\/v2\/product"}],"about":[{"href":"https:\/\/www.italscalesrl.it\/en\/wp-json\/wp\/v2\/types\/product"}],"acf:attachment":[{"embeddable":true,"href":"https:\/\/www.italscalesrl.it\/en\/wp-json\/wp\/v2\/media\/7991"},{"embeddable":true,"href":"https:\/\/www.italscalesrl.it\/en\/wp-json\/wp\/v2\/media\/7990"},{"embeddable":true,"href":"https:\/\/www.italscalesrl.it\/en\/wp-json\/wp\/v2\/media\/7989"},{"embeddable":true,"href":"https:\/\/www.italscalesrl.it\/en\/wp-json\/wp\/v2\/media\/7987"},{"embeddable":true,"href":"https:\/\/www.italscalesrl.it\/en\/wp-json\/wp\/v2\/media\/7986"}],"wp:featuredmedia":[{"embeddable":true,"href":"https:\/\/www.italscalesrl.it\/en\/wp-json\/wp\/v2\/media\/12566"}],"wp:attachment":[{"href":"https:\/\/www.italscalesrl.it\/en\/wp-json\/wp\/v2\/media?parent=15750"}],"wp:term":[{"taxonomy":"product_brand","embeddable":true,"href":"https:\/\/www.italscalesrl.it\/en\/wp-json\/wp\/v2\/product_brand?post=15750"},{"taxonomy":"product_cat","embeddable":true,"href":"https:\/\/www.italscalesrl.it\/en\/wp-json\/wp\/v2\/product_cat?post=15750"},{"taxonomy":"product_tag","embeddable":true,"href":"https:\/\/www.italscalesrl.it\/en\/wp-json\/wp\/v2\/product_tag?post=15750"}],"curies":[{"name":"wp","href":"https:\/\/api.w.org\/{rel}","templated":true}]}}